{"id":10,"date":"2023-09-14T01:13:21","date_gmt":"2023-09-13T23:13:21","guid":{"rendered":"https:\/\/viajealpasado.com\/?page_id=10"},"modified":"2026-02-26T23:53:23","modified_gmt":"2026-02-26T22:53:23","slug":"castro-de-pedra-moura","status":"publish","type":"page","link":"https:\/\/viajealpasado.com\/index.php\/castro-de-pedra-moura\/","title":{"rendered":"Castro de Pedra Moura"},"content":{"rendered":"\n<div class=\"wp-block-group has-global-padding is-layout-constrained wp-container-core-group-is-layout-1a5a651a wp-block-group-is-layout-constrained\">\n<p>El Castro da Pedra Moura, tambi\u00e9n conocido como Castro de Borreiros, es un yacimiento arqueol\u00f3gico ubicado en el municipio de Gondomar, provincia de Pontevedra, Espa\u00f1a. Se encuentra situado en el monte As Pinceiras, en la parroquia de Borreiros, a unos 100 metros del r\u00edo Mi\u00f1or.<\/p>\n\n\n\n<figure class=\"wp-block-image aligncenter size-large\"><img loading=\"lazy\" decoding=\"async\" width=\"771\" height=\"1024\" src=\"https:\/\/viajealpasado.com\/wp-content\/uploads\/2023\/09\/castro-da-pedra-moura-cartel-771x1024.jpg\" alt=\"\" class=\"wp-image-16\" srcset=\"https:\/\/viajealpasado.com\/wp-content\/uploads\/2023\/09\/castro-da-pedra-moura-cartel-771x1024.jpg 771w, https:\/\/viajealpasado.com\/wp-content\/uploads\/2023\/09\/castro-da-pedra-moura-cartel-226x300.jpg 226w, https:\/\/viajealpasado.com\/wp-content\/uploads\/2023\/09\/castro-da-pedra-moura-cartel-768x1020.jpg 768w, https:\/\/viajealpasado.com\/wp-content\/uploads\/2023\/09\/castro-da-pedra-moura-cartel-1157x1536.jpg 1157w, https:\/\/viajealpasado.com\/wp-content\/uploads\/2023\/09\/castro-da-pedra-moura-cartel-1542x2048.jpg 1542w, https:\/\/viajealpasado.com\/wp-content\/uploads\/2023\/09\/castro-da-pedra-moura-cartel-scaled.jpg 1928w\" sizes=\"auto, (max-width: 771px) 100vw, 771px\" \/><figcaption class=\"wp-element-caption\">Cartel en la entrada del castro<\/figcaption><\/figure>\n\n\n\n<p>El castro se remonta a la Edad de Bronce, aunque su ocupaci\u00f3n m\u00e1s intensa tuvo lugar en la Edad de Hierro, entre los siglos IX a.C. y I d.C. En esta \u00e9poca, el castro era un poblado fortificado que albergaba a una poblaci\u00f3n de entre 200 y 300 personas.<\/p>\n\n\n\n<p>El castro est\u00e1 formado por una acr\u00f3pole en su lado sur, sobre la que se encontraba un torre\u00f3n defensivo, y dos terrazas con una peque\u00f1a pendiente que se extienden hacia el norte. Conserva la muralla defensiva y un foso, as\u00ed como parapetos de tierra en los lados norte, este y oeste.<\/p>\n\n\n\n<p>Entre los hallazgos arqueol\u00f3gicos realizados en el castro se encuentran cer\u00e1mica, herramientas de piedra y metal, y restos de fauna. Tambi\u00e9n se han encontrado restos de una necr\u00f3polis en el exterior del castro.<\/p>\n\n\n\n<p>El castro est\u00e1 abierto al p\u00fablico y es uno de los principales atractivos tur\u00edsticos del municipio de Gondomar.<\/p>\n\n\n\n<p>Algunos datos interesantes del Castro da Pedra Moura son los siguientes:<\/p>\n\n\n\n<ul class=\"wp-block-list\">\n<li>El castro tiene una superficie de unas 2 hect\u00e1reas.<\/li>\n\n\n\n<li>La muralla defensiva tiene unos 100 metros de longitud y una altura de 2 metros.<\/li>\n\n\n\n<li>El foso tiene una profundidad de hasta 2 metros.<\/li>\n\n\n\n<li>El torre\u00f3n defensivo ten\u00eda una altura de unos 5 metros.<\/li>\n\n\n\n<li>El castro estaba rodeado de una necr\u00f3polis.<\/li>\n<\/ul>\n\n\n\n<p>El Castro da Pedra Moura es un importante yacimiento arqueol\u00f3gico que nos permite conocer la vida de los antiguos habitantes de la zona en la Edad de Bronce y la Edad de Hierro.<\/p>\n\n\n\n<figure class=\"wp-block-image aligncenter size-large\"><img loading=\"lazy\" decoding=\"async\" width=\"461\" height=\"1024\" src=\"https:\/\/viajealpasado.com\/wp-content\/uploads\/2023\/09\/castro-da-pedra-moura-captura-461x1024.png\" alt=\"\" class=\"wp-image-15\" srcset=\"https:\/\/viajealpasado.com\/wp-content\/uploads\/2023\/09\/castro-da-pedra-moura-captura-461x1024.png 461w, https:\/\/viajealpasado.com\/wp-content\/uploads\/2023\/09\/castro-da-pedra-moura-captura-135x300.png 135w, https:\/\/viajealpasado.com\/wp-content\/uploads\/2023\/09\/castro-da-pedra-moura-captura-768x1707.png 768w, https:\/\/viajealpasado.com\/wp-content\/uploads\/2023\/09\/castro-da-pedra-moura-captura-691x1536.png 691w, https:\/\/viajealpasado.com\/wp-content\/uploads\/2023\/09\/castro-da-pedra-moura-captura-922x2048.png 922w, https:\/\/viajealpasado.com\/wp-content\/uploads\/2023\/09\/castro-da-pedra-moura-captura.png 1080w\" sizes=\"auto, (max-width: 461px) 100vw, 461px\" \/><figcaption class=\"wp-element-caption\">Captura de pantalla de la prueba<\/figcaption><\/figure>\n\n\n\n<figure class=\"wp-block-embed is-type-video is-provider-youtube wp-block-embed-youtube wp-embed-aspect-16-9 wp-has-aspect-ratio\"><div class=\"wp-block-embed__wrapper\">\n<iframe loading=\"lazy\" title=\"Castro da Pedra Moura - Prueba 1\" width=\"500\" height=\"281\" src=\"https:\/\/www.youtube.com\/embed\/aK8GzZUC8nY?feature=oembed\" frameborder=\"0\" allow=\"accelerometer; autoplay; clipboard-write; encrypted-media; gyroscope; picture-in-picture; web-share\" referrerpolicy=\"strict-origin-when-cross-origin\" allowfullscreen><\/iframe>\n<\/div><\/figure>\n<\/div>\n","protected":false},"excerpt":{"rendered":"<p>El Castro da Pedra Moura, tambi\u00e9n conocido como Castro de Borreiros, es un yacimiento arqueol\u00f3gico ubicado en el municipio de Gondomar, provincia de Pontevedra, Espa\u00f1a. Se encuentra situado en el monte As Pinceiras, en la parroquia de Borreiros, a unos 100 metros del r\u00edo Mi\u00f1or. El castro se remonta a la Edad de Bronce, aunque [&hellip;]<\/p>\n","protected":false},"author":1,"featured_media":0,"parent":0,"menu_order":0,"comment_status":"closed","ping_status":"closed","template":"","meta":{"footnotes":""},"class_list":["post-10","page","type-page","status-publish","hentry"],"yoast_head":"<!-- This site is optimized with the Yoast SEO plugin v27.4 - https:\/\/yoast.com\/product\/yoast-seo-wordpress\/ -->\n<title>Castro de Pedra Moura - Viaje al pasado - ARqueo<\/title>\n<meta name=\"robots\" content=\"index, follow, max-snippet:-1, max-image-preview:large, max-video-preview:-1\" \/>\n<link rel=\"canonical\" href=\"https:\/\/viajealpasado.com\/index.php\/castro-de-pedra-moura\/\" \/>\n<meta property=\"og:locale\" content=\"es_ES\" \/>\n<meta property=\"og:type\" content=\"article\" \/>\n<meta property=\"og:title\" content=\"Castro de Pedra Moura - Viaje al pasado - ARqueo\" \/>\n<meta property=\"og:description\" content=\"El Castro da Pedra Moura, tambi\u00e9n conocido como Castro de Borreiros, es un yacimiento arqueol\u00f3gico ubicado en el municipio de Gondomar, provincia de Pontevedra, Espa\u00f1a. Se encuentra situado en el monte As Pinceiras, en la parroquia de Borreiros, a unos 100 metros del r\u00edo Mi\u00f1or. El castro se remonta a la Edad de Bronce, aunque [&hellip;]\" \/>\n<meta property=\"og:url\" content=\"https:\/\/viajealpasado.com\/index.php\/castro-de-pedra-moura\/\" \/>\n<meta property=\"og:site_name\" content=\"Viaje al pasado - ARqueo\" \/>\n<meta property=\"article:modified_time\" content=\"2026-02-26T22:53:23+00:00\" \/>\n<meta property=\"og:image\" content=\"https:\/\/viajealpasado.com\/wp-content\/uploads\/2023\/09\/castro-da-pedra-moura-cartel-scaled.jpg\" \/>\n\t<meta property=\"og:image:width\" content=\"1928\" \/>\n\t<meta property=\"og:image:height\" content=\"2560\" \/>\n\t<meta property=\"og:image:type\" content=\"image\/jpeg\" \/>\n<meta name=\"twitter:card\" content=\"summary_large_image\" \/>\n<meta name=\"twitter:label1\" content=\"Tiempo de lectura\" \/>\n\t<meta name=\"twitter:data1\" content=\"2 minutos\" \/>\n<script type=\"application\/ld+json\" class=\"yoast-schema-graph\">{\"@context\":\"https:\\\/\\\/schema.org\",\"@graph\":[{\"@type\":\"WebPage\",\"@id\":\"https:\\\/\\\/viajealpasado.com\\\/index.php\\\/castro-de-pedra-moura\\\/\",\"url\":\"https:\\\/\\\/viajealpasado.com\\\/index.php\\\/castro-de-pedra-moura\\\/\",\"name\":\"Castro de Pedra Moura - Viaje al pasado - ARqueo\",\"isPartOf\":{\"@id\":\"https:\\\/\\\/viajealpasado.com\\\/#website\"},\"primaryImageOfPage\":{\"@id\":\"https:\\\/\\\/viajealpasado.com\\\/index.php\\\/castro-de-pedra-moura\\\/#primaryimage\"},\"image\":{\"@id\":\"https:\\\/\\\/viajealpasado.com\\\/index.php\\\/castro-de-pedra-moura\\\/#primaryimage\"},\"thumbnailUrl\":\"https:\\\/\\\/viajealpasado.com\\\/wp-content\\\/uploads\\\/2023\\\/09\\\/castro-da-pedra-moura-cartel-771x1024.jpg\",\"datePublished\":\"2023-09-13T23:13:21+00:00\",\"dateModified\":\"2026-02-26T22:53:23+00:00\",\"breadcrumb\":{\"@id\":\"https:\\\/\\\/viajealpasado.com\\\/index.php\\\/castro-de-pedra-moura\\\/#breadcrumb\"},\"inLanguage\":\"es\",\"potentialAction\":[{\"@type\":\"ReadAction\",\"target\":[\"https:\\\/\\\/viajealpasado.com\\\/index.php\\\/castro-de-pedra-moura\\\/\"]}]},{\"@type\":\"ImageObject\",\"inLanguage\":\"es\",\"@id\":\"https:\\\/\\\/viajealpasado.com\\\/index.php\\\/castro-de-pedra-moura\\\/#primaryimage\",\"url\":\"https:\\\/\\\/viajealpasado.com\\\/wp-content\\\/uploads\\\/2023\\\/09\\\/castro-da-pedra-moura-cartel-scaled.jpg\",\"contentUrl\":\"https:\\\/\\\/viajealpasado.com\\\/wp-content\\\/uploads\\\/2023\\\/09\\\/castro-da-pedra-moura-cartel-scaled.jpg\",\"width\":1928,\"height\":2560},{\"@type\":\"BreadcrumbList\",\"@id\":\"https:\\\/\\\/viajealpasado.com\\\/index.php\\\/castro-de-pedra-moura\\\/#breadcrumb\",\"itemListElement\":[{\"@type\":\"ListItem\",\"position\":1,\"name\":\"Portada\",\"item\":\"https:\\\/\\\/viajealpasado.com\\\/\"},{\"@type\":\"ListItem\",\"position\":2,\"name\":\"Castro de Pedra Moura\"}]},{\"@type\":\"WebSite\",\"@id\":\"https:\\\/\\\/viajealpasado.com\\\/#website\",\"url\":\"https:\\\/\\\/viajealpasado.com\\\/\",\"name\":\"Viaje al pasado - ARqueo\",\"description\":\"Aplicaci\u00f3n m\u00f3vil para la reconstrucci\u00f3n y visualizaci\u00f3n de ruinas arqueol\u00f3gicas y patrominio antiguo.\",\"publisher\":{\"@id\":\"https:\\\/\\\/viajealpasado.com\\\/#organization\"},\"potentialAction\":[{\"@type\":\"SearchAction\",\"target\":{\"@type\":\"EntryPoint\",\"urlTemplate\":\"https:\\\/\\\/viajealpasado.com\\\/?s={search_term_string}\"},\"query-input\":{\"@type\":\"PropertyValueSpecification\",\"valueRequired\":true,\"valueName\":\"search_term_string\"}}],\"inLanguage\":\"es\"},{\"@type\":\"Organization\",\"@id\":\"https:\\\/\\\/viajealpasado.com\\\/#organization\",\"name\":\"Viaje al pasado - ARqueo\",\"url\":\"https:\\\/\\\/viajealpasado.com\\\/\",\"logo\":{\"@type\":\"ImageObject\",\"inLanguage\":\"es\",\"@id\":\"https:\\\/\\\/viajealpasado.com\\\/#\\\/schema\\\/logo\\\/image\\\/\",\"url\":\"https:\\\/\\\/viajealpasado.com\\\/wp-content\\\/uploads\\\/2026\\\/02\\\/ChatGPT-Image-26-feb-2026-22_20_52-2.png\",\"contentUrl\":\"https:\\\/\\\/viajealpasado.com\\\/wp-content\\\/uploads\\\/2026\\\/02\\\/ChatGPT-Image-26-feb-2026-22_20_52-2.png\",\"width\":512,\"height\":512,\"caption\":\"Viaje al pasado - ARqueo\"},\"image\":{\"@id\":\"https:\\\/\\\/viajealpasado.com\\\/#\\\/schema\\\/logo\\\/image\\\/\"}}]}<\/script>\n<!-- \/ Yoast SEO plugin. -->","yoast_head_json":{"title":"Castro de Pedra Moura - Viaje al pasado - ARqueo","robots":{"index":"index","follow":"follow","max-snippet":"max-snippet:-1","max-image-preview":"max-image-preview:large","max-video-preview":"max-video-preview:-1"},"canonical":"https:\/\/viajealpasado.com\/index.php\/castro-de-pedra-moura\/","og_locale":"es_ES","og_type":"article","og_title":"Castro de Pedra Moura - Viaje al pasado - ARqueo","og_description":"El Castro da Pedra Moura, tambi\u00e9n conocido como Castro de Borreiros, es un yacimiento arqueol\u00f3gico ubicado en el municipio de Gondomar, provincia de Pontevedra, Espa\u00f1a. Se encuentra situado en el monte As Pinceiras, en la parroquia de Borreiros, a unos 100 metros del r\u00edo Mi\u00f1or. El castro se remonta a la Edad de Bronce, aunque [&hellip;]","og_url":"https:\/\/viajealpasado.com\/index.php\/castro-de-pedra-moura\/","og_site_name":"Viaje al pasado - ARqueo","article_modified_time":"2026-02-26T22:53:23+00:00","og_image":[{"width":1928,"height":2560,"url":"https:\/\/viajealpasado.com\/wp-content\/uploads\/2023\/09\/castro-da-pedra-moura-cartel-scaled.jpg","type":"image\/jpeg"}],"twitter_card":"summary_large_image","twitter_misc":{"Tiempo de lectura":"2 minutos"},"schema":{"@context":"https:\/\/schema.org","@graph":[{"@type":"WebPage","@id":"https:\/\/viajealpasado.com\/index.php\/castro-de-pedra-moura\/","url":"https:\/\/viajealpasado.com\/index.php\/castro-de-pedra-moura\/","name":"Castro de Pedra Moura - Viaje al pasado - ARqueo","isPartOf":{"@id":"https:\/\/viajealpasado.com\/#website"},"primaryImageOfPage":{"@id":"https:\/\/viajealpasado.com\/index.php\/castro-de-pedra-moura\/#primaryimage"},"image":{"@id":"https:\/\/viajealpasado.com\/index.php\/castro-de-pedra-moura\/#primaryimage"},"thumbnailUrl":"https:\/\/viajealpasado.com\/wp-content\/uploads\/2023\/09\/castro-da-pedra-moura-cartel-771x1024.jpg","datePublished":"2023-09-13T23:13:21+00:00","dateModified":"2026-02-26T22:53:23+00:00","breadcrumb":{"@id":"https:\/\/viajealpasado.com\/index.php\/castro-de-pedra-moura\/#breadcrumb"},"inLanguage":"es","potentialAction":[{"@type":"ReadAction","target":["https:\/\/viajealpasado.com\/index.php\/castro-de-pedra-moura\/"]}]},{"@type":"ImageObject","inLanguage":"es","@id":"https:\/\/viajealpasado.com\/index.php\/castro-de-pedra-moura\/#primaryimage","url":"https:\/\/viajealpasado.com\/wp-content\/uploads\/2023\/09\/castro-da-pedra-moura-cartel-scaled.jpg","contentUrl":"https:\/\/viajealpasado.com\/wp-content\/uploads\/2023\/09\/castro-da-pedra-moura-cartel-scaled.jpg","width":1928,"height":2560},{"@type":"BreadcrumbList","@id":"https:\/\/viajealpasado.com\/index.php\/castro-de-pedra-moura\/#breadcrumb","itemListElement":[{"@type":"ListItem","position":1,"name":"Portada","item":"https:\/\/viajealpasado.com\/"},{"@type":"ListItem","position":2,"name":"Castro de Pedra Moura"}]},{"@type":"WebSite","@id":"https:\/\/viajealpasado.com\/#website","url":"https:\/\/viajealpasado.com\/","name":"Viaje al pasado - ARqueo","description":"Aplicaci\u00f3n m\u00f3vil para la reconstrucci\u00f3n y visualizaci\u00f3n de ruinas arqueol\u00f3gicas y patrominio antiguo.","publisher":{"@id":"https:\/\/viajealpasado.com\/#organization"},"potentialAction":[{"@type":"SearchAction","target":{"@type":"EntryPoint","urlTemplate":"https:\/\/viajealpasado.com\/?s={search_term_string}"},"query-input":{"@type":"PropertyValueSpecification","valueRequired":true,"valueName":"search_term_string"}}],"inLanguage":"es"},{"@type":"Organization","@id":"https:\/\/viajealpasado.com\/#organization","name":"Viaje al pasado - ARqueo","url":"https:\/\/viajealpasado.com\/","logo":{"@type":"ImageObject","inLanguage":"es","@id":"https:\/\/viajealpasado.com\/#\/schema\/logo\/image\/","url":"https:\/\/viajealpasado.com\/wp-content\/uploads\/2026\/02\/ChatGPT-Image-26-feb-2026-22_20_52-2.png","contentUrl":"https:\/\/viajealpasado.com\/wp-content\/uploads\/2026\/02\/ChatGPT-Image-26-feb-2026-22_20_52-2.png","width":512,"height":512,"caption":"Viaje al pasado - ARqueo"},"image":{"@id":"https:\/\/viajealpasado.com\/#\/schema\/logo\/image\/"}}]}},"_links":{"self":[{"href":"https:\/\/viajealpasado.com\/index.php\/wp-json\/wp\/v2\/pages\/10","targetHints":{"allow":["GET"]}}],"collection":[{"href":"https:\/\/viajealpasado.com\/index.php\/wp-json\/wp\/v2\/pages"}],"about":[{"href":"https:\/\/viajealpasado.com\/index.php\/wp-json\/wp\/v2\/types\/page"}],"author":[{"embeddable":true,"href":"https:\/\/viajealpasado.com\/index.php\/wp-json\/wp\/v2\/users\/1"}],"replies":[{"embeddable":true,"href":"https:\/\/viajealpasado.com\/index.php\/wp-json\/wp\/v2\/comments?post=10"}],"version-history":[{"count":4,"href":"https:\/\/viajealpasado.com\/index.php\/wp-json\/wp\/v2\/pages\/10\/revisions"}],"predecessor-version":[{"id":120,"href":"https:\/\/viajealpasado.com\/index.php\/wp-json\/wp\/v2\/pages\/10\/revisions\/120"}],"wp:attachment":[{"href":"https:\/\/viajealpasado.com\/index.php\/wp-json\/wp\/v2\/media?parent=10"}],"curies":[{"name":"wp","href":"https:\/\/api.w.org\/{rel}","templated":true}]}}