{"id":2,"date":"2023-09-08T11:43:31","date_gmt":"2023-09-08T09:43:31","guid":{"rendered":"https:\/\/viajealpasado.com\/?page_id=2"},"modified":"2026-02-26T23:49:05","modified_gmt":"2026-02-26T22:49:05","slug":"pagina-ejemplo","status":"publish","type":"page","link":"https:\/\/viajealpasado.com\/","title":{"rendered":"Inicio"},"content":{"rendered":"\n<div class=\"wp-block-group has-global-padding is-layout-constrained wp-container-core-group-is-layout-1a5a651a wp-block-group-is-layout-constrained\">\n<div class=\"wp-block-cover\" style=\"border-top-left-radius:16px;border-top-right-radius:16px;border-bottom-left-radius:16px;border-bottom-right-radius:16px\"><img loading=\"lazy\" decoding=\"async\" width=\"1024\" height=\"559\" class=\"wp-block-cover__image-background wp-image-69\" alt=\"\" src=\"https:\/\/viajealpasado.com\/wp-content\/uploads\/2026\/02\/portada-1024x559.png\" data-object-fit=\"cover\" srcset=\"https:\/\/viajealpasado.com\/wp-content\/uploads\/2026\/02\/portada-1024x559.png 1024w, https:\/\/viajealpasado.com\/wp-content\/uploads\/2026\/02\/portada-300x164.png 300w, https:\/\/viajealpasado.com\/wp-content\/uploads\/2026\/02\/portada-768x419.png 768w, https:\/\/viajealpasado.com\/wp-content\/uploads\/2026\/02\/portada-1536x838.png 1536w, https:\/\/viajealpasado.com\/wp-content\/uploads\/2026\/02\/portada-2048x1117.png 2048w\" sizes=\"auto, (max-width: 1024px) 100vw, 1024px\" \/><span aria-hidden=\"true\" class=\"wp-block-cover__background has-background-dim\"><\/span><div class=\"wp-block-cover__inner-container is-layout-flow wp-container-core-cover-is-layout-f5bb311e wp-block-cover-is-layout-flow\">\n<h1 class=\"wp-block-heading has-text-align-center is-style-text-display has-alan-sans-font-family is-style-text-display--1\"><strong>Ver la historia reconstruida<\/strong><\/h1>\n\n\n\n<p class=\"has-text-align-center\" style=\"padding-right:var(--wp--preset--spacing--70);padding-left:var(--wp--preset--spacing--70)\">Emb\u00e1rcate en un viaje aventurero para redescubrir civilizaciones antiguas a trav\u00e9s de tu lente.<\/p>\n\n\n\n<div class=\"wp-block-buttons is-content-justification-center is-layout-flex wp-container-core-buttons-is-layout-a6d9f191 wp-block-buttons-is-layout-flex\" style=\"margin-top:var(--wp--preset--spacing--40);margin-bottom:var(--wp--preset--spacing--40)\">\n<div class=\"wp-block-button\"><a class=\"wp-block-button__link has-base-color has-text-color has-link-color has-large-font-size has-text-align-center has-custom-font-size wp-element-button\" style=\"border-top-left-radius:10px;border-top-right-radius:10px;border-bottom-left-radius:10px;border-bottom-right-radius:10px;font-style:normal;font-weight:500\">Empieza a explorar<\/a><\/div>\n<\/div>\n<\/div><\/div>\n\n\n\n<div class=\"wp-block-group is-layout-flow wp-block-group-is-layout-flow\" style=\"margin-top:var(--wp--preset--spacing--60);margin-bottom:var(--wp--preset--spacing--50)\">\n<h2 class=\"wp-block-heading\">Descubre los secretos del pasado<\/h2>\n\n\n\n<p class=\"is-style-default has-medium-font-size\" style=\"padding-right:20vw\">Nuestras herramientas avanzadas te ayudan a visualizar ciudades listadas exactamente como eran hace miles de a\u00f1os, directamente desde tu dispositivo.<\/p>\n<\/div>\n\n\n\n<div class=\"wp-block-columns is-layout-flex wp-container-core-columns-is-layout-08c01c1c wp-block-columns-is-layout-flex\">\n<div class=\"wp-block-column has-border-color has-accent-3-background-color has-background is-layout-flow wp-container-core-column-is-layout-834a243e wp-block-column-is-layout-flow\" style=\"border-color:#ece7e2;border-width:1px;border-top-left-radius:10px;border-top-right-radius:10px;border-bottom-left-radius:10px;border-bottom-right-radius:10px;padding-top:var(--wp--preset--spacing--40);padding-right:var(--wp--preset--spacing--40);padding-bottom:var(--wp--preset--spacing--40);padding-left:var(--wp--preset--spacing--40)\">\n<h3 class=\"wp-block-heading has-accent-4-color has-text-color has-link-color wp-elements-3b2f37d647c029998deb9e175485ef04\" style=\"font-style:normal;font-weight:500\">Precisi\u00f3n antigua<\/h3>\n\n\n\n<p class=\"has-medium-font-size\">Datos verificados por arque\u00f3logos e historiadores l\u00edderes para una m\u00e1xima fidelidad hist\u00f3rica.<\/p>\n<\/div>\n\n\n\n<div class=\"wp-block-column has-border-color has-accent-3-background-color has-background is-layout-flow wp-container-core-column-is-layout-834a243e wp-block-column-is-layout-flow\" style=\"border-color:#ece7e2;border-width:1px;border-top-left-radius:10px;border-top-right-radius:10px;border-bottom-left-radius:10px;border-bottom-right-radius:10px;padding-top:var(--wp--preset--spacing--40);padding-right:var(--wp--preset--spacing--40);padding-bottom:var(--wp--preset--spacing--40);padding-left:var(--wp--preset--spacing--40)\">\n<h3 class=\"wp-block-heading has-accent-4-color has-text-color has-link-color wp-elements-609ee7cc62a3b2188217399c998ac185\">Renderizado en tiempo real<\/h3>\n\n\n\n<p class=\"has-medium-font-size\">S\u00e9 testigo de reconstrucciones instant\u00e1neas en realidad aumentada mientras recorres las ruinas en el mundo real.<\/p>\n<\/div>\n\n\n\n<div class=\"wp-block-column has-border-color has-accent-3-background-color has-background is-layout-flow wp-container-core-column-is-layout-834a243e wp-block-column-is-layout-flow\" style=\"border-color:#ece7e2;border-width:1px;border-top-left-radius:10px;border-top-right-radius:10px;border-bottom-left-radius:10px;border-bottom-right-radius:10px;padding-top:var(--wp--preset--spacing--40);padding-right:var(--wp--preset--spacing--40);padding-bottom:var(--wp--preset--spacing--40);padding-left:var(--wp--preset--spacing--40)\">\n<h3 class=\"wp-block-heading has-accent-4-color has-text-color has-link-color wp-elements-ed09224d5788a141d51ecd323566e175\">Contexto hist\u00f3rico<\/h3>\n\n\n\n<p class=\"has-medium-font-size\">Sum\u00e9rgete en la historia de cada piedra con historias interactivas y escaneos de artefactos en 3D.<\/p>\n<\/div>\n<\/div>\n<\/div>\n\n\n\n<div class=\"wp-block-group has-background has-global-padding is-layout-constrained wp-container-core-group-is-layout-6960f852 wp-block-group-is-layout-constrained\" style=\"background-color:#ece7e2;margin-top:var(--wp--preset--spacing--60);margin-bottom:var(--wp--preset--spacing--60);padding-top:var(--wp--preset--spacing--70);padding-right:0;padding-bottom:var(--wp--preset--spacing--70);padding-left:0\">\n<h2 class=\"wp-block-heading has-text-align-center has-accent-4-color has-text-color has-link-color wp-elements-b98400769ec2e05a0c8dbc2ba6036273\" style=\"margin-bottom:var(--wp--preset--spacing--50)\">Como funciona<\/h2>\n\n\n\n<div class=\"wp-block-columns alignwide is-layout-flex wp-container-core-columns-is-layout-28f84493 wp-block-columns-is-layout-flex\">\n<div class=\"wp-block-column is-layout-flow wp-block-column-is-layout-flow\">\n<h3 class=\"wp-block-heading has-text-align-center has-accent-4-color has-text-color has-link-color wp-elements-74ed63a41eece6380cc4012c070d9fc0\">Elige un lugar<\/h3>\n\n\n\n<p class=\"has-text-align-center has-accent-5-color has-text-color has-link-color has-medium-font-size wp-elements-d234c851e1da2d8b0f781884f6dc39e2\" style=\"font-style:normal;font-weight:500\">Elige entre varias localizaciones en nuestro cat\u00e1logo<\/p>\n<\/div>\n\n\n\n<div class=\"wp-block-column is-layout-flow wp-block-column-is-layout-flow\">\n<h3 class=\"wp-block-heading has-text-align-center has-accent-4-color has-text-color has-link-color wp-elements-8d59f8259ca2eee7e1b096869ceaa23f\">Escanea las ruinas<\/h3>\n\n\n\n<p class=\"has-text-align-center has-accent-5-color has-text-color has-link-color has-medium-font-size wp-elements-7727f1c4fab3c0c7d2a1ca4b3ebabf1f\" style=\"font-style:normal;font-weight:500\">Apunta tu c\u00e1mara a los restos para calibrar la capa hist\u00f3rica<\/p>\n<\/div>\n\n\n\n<div class=\"wp-block-column is-layout-flow wp-block-column-is-layout-flow\">\n<h3 class=\"wp-block-heading has-text-align-center has-accent-4-color has-text-color has-link-color wp-elements-a49b2f73addbce6c113a525047673529\">Revive la historia<\/h3>\n\n\n\n<p class=\"has-text-align-center has-accent-5-color has-text-color has-link-color has-medium-font-size wp-elements-83725768d812390cc22193823d828e5d\" style=\"font-style:normal;font-weight:500\">Admira como se eleva la estructura desde la tierra en realidad aumentada<\/p>\n<\/div>\n<\/div>\n<\/div>\n\n\n\n<p><\/p>\n","protected":false},"excerpt":{"rendered":"<p>Descubre los secretos del pasado Nuestras herramientas avanzadas te ayudan a visualizar ciudades listadas exactamente como eran hace miles de a\u00f1os, directamente desde tu dispositivo. Precisi\u00f3n antigua Datos verificados por arque\u00f3logos e historiadores l\u00edderes para una m\u00e1xima fidelidad hist\u00f3rica. Renderizado en tiempo real S\u00e9 testigo de reconstrucciones instant\u00e1neas en realidad aumentada mientras recorres las ruinas [&hellip;]<\/p>\n","protected":false},"author":1,"featured_media":0,"parent":0,"menu_order":0,"comment_status":"closed","ping_status":"open","template":"","meta":{"footnotes":""},"class_list":["post-2","page","type-page","status-publish","hentry"],"yoast_head":"<!-- This site is optimized with the Yoast SEO plugin v27.4 - https:\/\/yoast.com\/product\/yoast-seo-wordpress\/ -->\n<title>Inicio - Viaje al pasado - ARqueo<\/title>\n<meta name=\"robots\" content=\"index, follow, max-snippet:-1, max-image-preview:large, max-video-preview:-1\" \/>\n<link rel=\"canonical\" href=\"https:\/\/viajealpasado.com\/\" \/>\n<meta property=\"og:locale\" content=\"es_ES\" \/>\n<meta property=\"og:type\" content=\"article\" \/>\n<meta property=\"og:title\" content=\"Inicio - Viaje al pasado - ARqueo\" \/>\n<meta property=\"og:description\" content=\"Descubre los secretos del pasado Nuestras herramientas avanzadas te ayudan a visualizar ciudades listadas exactamente como eran hace miles de a\u00f1os, directamente desde tu dispositivo. Precisi\u00f3n antigua Datos verificados por arque\u00f3logos e historiadores l\u00edderes para una m\u00e1xima fidelidad hist\u00f3rica. Renderizado en tiempo real S\u00e9 testigo de reconstrucciones instant\u00e1neas en realidad aumentada mientras recorres las ruinas [&hellip;]\" \/>\n<meta property=\"og:url\" content=\"https:\/\/viajealpasado.com\/\" \/>\n<meta property=\"og:site_name\" content=\"Viaje al pasado - ARqueo\" \/>\n<meta property=\"article:modified_time\" content=\"2026-02-26T22:49:05+00:00\" \/>\n<meta property=\"og:image\" content=\"https:\/\/viajealpasado.com\/wp-content\/uploads\/2026\/02\/portada-1024x559.png\" \/>\n\t<meta property=\"og:image:width\" content=\"1024\" \/>\n\t<meta property=\"og:image:height\" content=\"559\" \/>\n\t<meta property=\"og:image:type\" content=\"image\/png\" \/>\n<meta name=\"twitter:card\" content=\"summary_large_image\" \/>\n<meta name=\"twitter:label1\" content=\"Tiempo de lectura\" \/>\n\t<meta name=\"twitter:data1\" content=\"1 minuto\" \/>\n<script type=\"application\/ld+json\" class=\"yoast-schema-graph\">{\"@context\":\"https:\\\/\\\/schema.org\",\"@graph\":[{\"@type\":\"WebPage\",\"@id\":\"https:\\\/\\\/viajealpasado.com\\\/\",\"url\":\"https:\\\/\\\/viajealpasado.com\\\/\",\"name\":\"Inicio - Viaje al pasado - ARqueo\",\"isPartOf\":{\"@id\":\"https:\\\/\\\/viajealpasado.com\\\/#website\"},\"primaryImageOfPage\":{\"@id\":\"https:\\\/\\\/viajealpasado.com\\\/#primaryimage\"},\"image\":{\"@id\":\"https:\\\/\\\/viajealpasado.com\\\/#primaryimage\"},\"thumbnailUrl\":\"https:\\\/\\\/viajealpasado.com\\\/wp-content\\\/uploads\\\/2026\\\/02\\\/portada-1024x559.png\",\"datePublished\":\"2023-09-08T09:43:31+00:00\",\"dateModified\":\"2026-02-26T22:49:05+00:00\",\"breadcrumb\":{\"@id\":\"https:\\\/\\\/viajealpasado.com\\\/#breadcrumb\"},\"inLanguage\":\"es\",\"potentialAction\":[{\"@type\":\"ReadAction\",\"target\":[\"https:\\\/\\\/viajealpasado.com\\\/\"]}]},{\"@type\":\"ImageObject\",\"inLanguage\":\"es\",\"@id\":\"https:\\\/\\\/viajealpasado.com\\\/#primaryimage\",\"url\":\"https:\\\/\\\/viajealpasado.com\\\/wp-content\\\/uploads\\\/2026\\\/02\\\/portada-scaled.png\",\"contentUrl\":\"https:\\\/\\\/viajealpasado.com\\\/wp-content\\\/uploads\\\/2026\\\/02\\\/portada-scaled.png\",\"width\":2560,\"height\":1396},{\"@type\":\"BreadcrumbList\",\"@id\":\"https:\\\/\\\/viajealpasado.com\\\/#breadcrumb\",\"itemListElement\":[{\"@type\":\"ListItem\",\"position\":1,\"name\":\"Portada\",\"item\":\"https:\\\/\\\/viajealpasado.com\\\/\"},{\"@type\":\"ListItem\",\"position\":2,\"name\":\"Inicio\"}]},{\"@type\":\"WebSite\",\"@id\":\"https:\\\/\\\/viajealpasado.com\\\/#website\",\"url\":\"https:\\\/\\\/viajealpasado.com\\\/\",\"name\":\"Viaje al pasado - ARqueo\",\"description\":\"Aplicaci\u00f3n m\u00f3vil para la reconstrucci\u00f3n y visualizaci\u00f3n de ruinas arqueol\u00f3gicas y patrominio antiguo.\",\"publisher\":{\"@id\":\"https:\\\/\\\/viajealpasado.com\\\/#organization\"},\"potentialAction\":[{\"@type\":\"SearchAction\",\"target\":{\"@type\":\"EntryPoint\",\"urlTemplate\":\"https:\\\/\\\/viajealpasado.com\\\/?s={search_term_string}\"},\"query-input\":{\"@type\":\"PropertyValueSpecification\",\"valueRequired\":true,\"valueName\":\"search_term_string\"}}],\"inLanguage\":\"es\"},{\"@type\":\"Organization\",\"@id\":\"https:\\\/\\\/viajealpasado.com\\\/#organization\",\"name\":\"Viaje al pasado - ARqueo\",\"url\":\"https:\\\/\\\/viajealpasado.com\\\/\",\"logo\":{\"@type\":\"ImageObject\",\"inLanguage\":\"es\",\"@id\":\"https:\\\/\\\/viajealpasado.com\\\/#\\\/schema\\\/logo\\\/image\\\/\",\"url\":\"https:\\\/\\\/viajealpasado.com\\\/wp-content\\\/uploads\\\/2026\\\/02\\\/ChatGPT-Image-26-feb-2026-22_20_52-2.png\",\"contentUrl\":\"https:\\\/\\\/viajealpasado.com\\\/wp-content\\\/uploads\\\/2026\\\/02\\\/ChatGPT-Image-26-feb-2026-22_20_52-2.png\",\"width\":512,\"height\":512,\"caption\":\"Viaje al pasado - ARqueo\"},\"image\":{\"@id\":\"https:\\\/\\\/viajealpasado.com\\\/#\\\/schema\\\/logo\\\/image\\\/\"}}]}<\/script>\n<!-- \/ Yoast SEO plugin. -->","yoast_head_json":{"title":"Inicio - Viaje al pasado - ARqueo","robots":{"index":"index","follow":"follow","max-snippet":"max-snippet:-1","max-image-preview":"max-image-preview:large","max-video-preview":"max-video-preview:-1"},"canonical":"https:\/\/viajealpasado.com\/","og_locale":"es_ES","og_type":"article","og_title":"Inicio - Viaje al pasado - ARqueo","og_description":"Descubre los secretos del pasado Nuestras herramientas avanzadas te ayudan a visualizar ciudades listadas exactamente como eran hace miles de a\u00f1os, directamente desde tu dispositivo. Precisi\u00f3n antigua Datos verificados por arque\u00f3logos e historiadores l\u00edderes para una m\u00e1xima fidelidad hist\u00f3rica. Renderizado en tiempo real S\u00e9 testigo de reconstrucciones instant\u00e1neas en realidad aumentada mientras recorres las ruinas [&hellip;]","og_url":"https:\/\/viajealpasado.com\/","og_site_name":"Viaje al pasado - ARqueo","article_modified_time":"2026-02-26T22:49:05+00:00","og_image":[{"width":1024,"height":559,"url":"https:\/\/viajealpasado.com\/wp-content\/uploads\/2026\/02\/portada-1024x559.png","type":"image\/png"}],"twitter_card":"summary_large_image","twitter_misc":{"Tiempo de lectura":"1 minuto"},"schema":{"@context":"https:\/\/schema.org","@graph":[{"@type":"WebPage","@id":"https:\/\/viajealpasado.com\/","url":"https:\/\/viajealpasado.com\/","name":"Inicio - Viaje al pasado - ARqueo","isPartOf":{"@id":"https:\/\/viajealpasado.com\/#website"},"primaryImageOfPage":{"@id":"https:\/\/viajealpasado.com\/#primaryimage"},"image":{"@id":"https:\/\/viajealpasado.com\/#primaryimage"},"thumbnailUrl":"https:\/\/viajealpasado.com\/wp-content\/uploads\/2026\/02\/portada-1024x559.png","datePublished":"2023-09-08T09:43:31+00:00","dateModified":"2026-02-26T22:49:05+00:00","breadcrumb":{"@id":"https:\/\/viajealpasado.com\/#breadcrumb"},"inLanguage":"es","potentialAction":[{"@type":"ReadAction","target":["https:\/\/viajealpasado.com\/"]}]},{"@type":"ImageObject","inLanguage":"es","@id":"https:\/\/viajealpasado.com\/#primaryimage","url":"https:\/\/viajealpasado.com\/wp-content\/uploads\/2026\/02\/portada-scaled.png","contentUrl":"https:\/\/viajealpasado.com\/wp-content\/uploads\/2026\/02\/portada-scaled.png","width":2560,"height":1396},{"@type":"BreadcrumbList","@id":"https:\/\/viajealpasado.com\/#breadcrumb","itemListElement":[{"@type":"ListItem","position":1,"name":"Portada","item":"https:\/\/viajealpasado.com\/"},{"@type":"ListItem","position":2,"name":"Inicio"}]},{"@type":"WebSite","@id":"https:\/\/viajealpasado.com\/#website","url":"https:\/\/viajealpasado.com\/","name":"Viaje al pasado - ARqueo","description":"Aplicaci\u00f3n m\u00f3vil para la reconstrucci\u00f3n y visualizaci\u00f3n de ruinas arqueol\u00f3gicas y patrominio antiguo.","publisher":{"@id":"https:\/\/viajealpasado.com\/#organization"},"potentialAction":[{"@type":"SearchAction","target":{"@type":"EntryPoint","urlTemplate":"https:\/\/viajealpasado.com\/?s={search_term_string}"},"query-input":{"@type":"PropertyValueSpecification","valueRequired":true,"valueName":"search_term_string"}}],"inLanguage":"es"},{"@type":"Organization","@id":"https:\/\/viajealpasado.com\/#organization","name":"Viaje al pasado - ARqueo","url":"https:\/\/viajealpasado.com\/","logo":{"@type":"ImageObject","inLanguage":"es","@id":"https:\/\/viajealpasado.com\/#\/schema\/logo\/image\/","url":"https:\/\/viajealpasado.com\/wp-content\/uploads\/2026\/02\/ChatGPT-Image-26-feb-2026-22_20_52-2.png","contentUrl":"https:\/\/viajealpasado.com\/wp-content\/uploads\/2026\/02\/ChatGPT-Image-26-feb-2026-22_20_52-2.png","width":512,"height":512,"caption":"Viaje al pasado - ARqueo"},"image":{"@id":"https:\/\/viajealpasado.com\/#\/schema\/logo\/image\/"}}]}},"_links":{"self":[{"href":"https:\/\/viajealpasado.com\/index.php\/wp-json\/wp\/v2\/pages\/2","targetHints":{"allow":["GET"]}}],"collection":[{"href":"https:\/\/viajealpasado.com\/index.php\/wp-json\/wp\/v2\/pages"}],"about":[{"href":"https:\/\/viajealpasado.com\/index.php\/wp-json\/wp\/v2\/types\/page"}],"author":[{"embeddable":true,"href":"https:\/\/viajealpasado.com\/index.php\/wp-json\/wp\/v2\/users\/1"}],"replies":[{"embeddable":true,"href":"https:\/\/viajealpasado.com\/index.php\/wp-json\/wp\/v2\/comments?post=2"}],"version-history":[{"count":23,"href":"https:\/\/viajealpasado.com\/index.php\/wp-json\/wp\/v2\/pages\/2\/revisions"}],"predecessor-version":[{"id":110,"href":"https:\/\/viajealpasado.com\/index.php\/wp-json\/wp\/v2\/pages\/2\/revisions\/110"}],"wp:attachment":[{"href":"https:\/\/viajealpasado.com\/index.php\/wp-json\/wp\/v2\/media?parent=2"}],"curies":[{"name":"wp","href":"https:\/\/api.w.org\/{rel}","templated":true}]}}